{"id":193,"date":"2018-01-13T22:53:17","date_gmt":"2018-01-13T21:53:17","guid":{"rendered":"https:\/\/instagib.info\/?page_id=193"},"modified":"2021-08-18T11:28:30","modified_gmt":"2021-08-18T09:28:30","slug":"privacy-policy","status":"publish","type":"page","link":"https:\/\/instagib.info\/de\/privacy-policy\/","title":{"rendered":"Datenschutz"},"content":{"rendered":"<h5>Allgemein<\/h5>\n<p>Die Nutzung unserer Seite ist ohne eine Angabe von personenbezogenen Daten m\u00f6glich. F\u00fcr die Nutzung einzelner Services unserer Seite k\u00f6nnen sich hierf\u00fcr abweichende Regelungen ergeben, die in diesem Falle nachstehend gesondert erl\u00e4utert werden. Ihre personenbezogenen Daten (z.B. Name, Anschrift, E-Mail, Telefonnummer, u.\u00e4.) werden von uns nur gem\u00e4\u00df den Bestimmungen des deutschen Datenschutzrechts verarbeitet. Daten sind dann personenbezogen, wenn sie eindeutig einer bestimmten nat\u00fcrlichen Person zugeordnet werden k\u00f6nnen. Die rechtlichen Grundlagen des Datenschutzes finden Sie im Bundesdatenschutzgesetz (BDSG) und dem Telemediengesetz (TMG). Nachstehende Regelungen informieren Sie insoweit \u00fcber die Art, den Umfang und Zweck der Erhebung, die Nutzung und die Verarbeitung von personenbezogenen Daten durch den Anbieter<\/p>\n<p>Sven Sperling<br \/>\nFarnweg 10 B<br \/>\n30900 Wedemark<\/p>\n<p align=\"left\">Telefon: +491743937537<br \/>\nE-Mail:\u00a0<a href=\"mailto:instagib.info\">contact@instagib.info<\/a><\/p>\n<p>Wir weisen darauf hin, dass die internetbasierte Daten\u00fcbertragung Sicherheitsl\u00fccken aufweist, ein l\u00fcckenloser Schutz vor Zugriffen durch Dritte somit unm\u00f6glich ist.<\/p>\n<h5>Cookies<\/h5>\n<p>Wir verwenden auf unserer Seite sog. Cookies zum Wiedererkennen mehrfacher Nutzung unseres Angebots, durch denselben Nutzer\/Internetanschlussinhaber. Cookies sind kleine Textdateien, die Ihr Internet-Browser auf Ihrem Rechner ablegt und speichert. Sie dienen dazu, unseren Internetauftritt und unsere Angebote zu optimieren. Es handelt sich dabei zumeist um sog. &#8222;Session-Cookies&#8220;, die nach dem Ende Ihres Besuches wieder gel\u00f6scht werden.<br \/>\nTeilweise geben diese Cookies jedoch Informationen ab, um Sie automatisch wieder zu erkennen. Diese Wiedererkennung erfolgt aufgrund der in den Cookies gespeicherten IP-Adresse. Die so erlangten Informationen dienen dazu, unsere Angebote zu optimieren und Ihnen einen leichteren Zugang auf unsere Seite zu erm\u00f6glichen.<br \/>\nSie k\u00f6nnen die Installation der Cookies durch eine entsprechende Einstellung Ihres Browsers verhindern; wir weisen Sie jedoch darauf hin, dass Sie in diesem Fall gegebenenfalls nicht s\u00e4mtliche Funktionen unserer Website vollumf\u00e4nglich nutzen k\u00f6nnen.<br \/>\nServerdaten<br \/>\nAus technischen Gr\u00fcnden werden u.a. folgende Daten, die Ihr Internet-Browser an uns bzw. an unseren Webspace-Provider \u00fcbermittelt, erfasst (sogenannte Serverlogfiles):<\/p>\n<ul>\n<li>Browsertyp und -version<\/li>\n<li>verwendetes Betriebssystem<\/li>\n<li>Webseite, von der aus Sie uns besuchen (Referrer URL)<\/li>\n<li>Webseite, die Sie besuchen<\/li>\n<li>Datum und Uhrzeit Ihres Zugriffs<\/li>\n<li>Ihre Internet Protokoll (IP)-Adresse<\/li>\n<\/ul>\n<p>Diese anonymen Daten werden getrennt von Ihren eventuell angegebenen personenbezogenen Daten gespeichert und lassen so keine R\u00fcckschl\u00fcsse auf eine bestimmte Person zu. Sie werden zu statistischen Zwecken ausgewertet, um unseren Internetauftritt und unsere Angebote optimieren zu k\u00f6nnen.<\/p>\n<h5>Registrierungsfunktion<\/h5>\n<p>Wir bieten Ihnen auf unserer Seite die M\u00f6glichkeit, sich dort zu registrieren. Die im Zuge dieser Registrierung eingegebenen Daten, die aus der Eingabemaske des Registrierungsformular ersichtlich sind<\/p>\n<ul>\n<li>Benutzername<\/li>\n<li>E-Mail<\/li>\n<\/ul>\n<p>werden ausschlie\u00dflich f\u00fcr die Verwendung unseres Angebots erhoben und gespeichert. Mit Ihrer Registrierung auf unserer Seite werden wir zudem Ihre IP-Adresse und das Datum sowie die Uhrzeit Ihrer Registrierung speichern. Dies dient in dem Fall, dass ein Dritter Ihre Daten missbraucht und sich mit diesen Daten ohne Ihr Wissen auf unserer Seite registriert, als Absicherung unsererseits. Eine Weitergabe an Dritte erfolgt nicht. Ein Abgleich der so erhobenen Daten mit Daten, die m\u00f6glicherweise durch andere Komponenten unserer Seite erhoben werden, erfolgt ebenfalls nicht.<\/p>\n<h5>Kontaktm\u00f6glichkeit<\/h5>\n<p>Wir bieten Ihnen auf unserer Seite die M\u00f6glichkeit, mit uns per E-Mail und\/oder \u00fcber ein Kontaktformular in Verbindung zu treten. In diesem Fall werden die vom Nutzer gemachten Angaben zum Zwecke der Bearbeitung seiner Kontaktaufnahme gespeichert. Eine Weitergabe an Dritte erfolgt nicht. Ein Abgleich der so erhobenen Daten mit Daten, die m\u00f6glicherweise durch andere Komponenten unserer Seite erhoben werden, erfolgt ebenfalls nicht.<\/p>\n<h5>Kommentarm\u00f6glichkeit<\/h5>\n<p>Wir bieten Ihnen auf unserer Seite die M\u00f6glichkeit, Kommentare zu den einzelnen Beitr\u00e4gen zu hinterlassen. Hierbei wird die IP- Adresse des Verfassers\/Anschlussinhabers gespeichert. Diese Speicherung erfolgt zu unserer Sicherheit f\u00fcr den Fall, dass vom Verfasser durch seinen Kommentar hierbei in Rechte Dritter eingegriffen wird und\/oder widerrechtliche Inhalte abgesetzt werden. Somit besteht ein Eigeninteresse unsererseits an den gespeicherten Daten des Verfassers, zumal wir unter Umst\u00e4nden wegen derartigen Rechtsverletzungen belangt werden k\u00f6nnen. Eine Weitergabe an Dritte erfolgt nicht. Ein Abgleich der so erhobenen Daten mit Daten, die m\u00f6glicherweise durch andere Komponenten unserer Seite erhoben werden, erfolgt ebenfalls nicht.<\/p>\n<h5>Abonnement von Kommentaren<\/h5>\n<p>Wir bieten Ihnen auf unserer Seite die M\u00f6glichkeit, nachfolgende Kommentare zu einem Beitrag, zu dem Sie im Begriff sind, einen Kommentar zu verfassen, zu abonnieren. Wenn Sie sich f\u00fcr diese M\u00f6glichkeit entscheiden, erhalten Sie eine Best\u00e4tigungs-E-Mail, mit der \u00fcberpr\u00fcft wird, ob Sie auch tats\u00e4chlich der Inhaber der angegebenen E-Mail-Adresse sind. Die Entscheidung zum Abonnement von derartigen Nachfolgekommentaren kann jederzeit wieder abbestellt werden. Einzelheiten hierzu k\u00f6nnen Sie der Best\u00e4tigungsmail entnehmen. Eine Weitergabe der so erlangten Daten an Dritte erfolgt nicht. Ein Abgleich der so erhobenen Daten mit Daten, die m\u00f6glicherweise durch andere Komponenten unserer Seite erhoben werden, erfolgt ebenfalls nicht.<\/p>\n<h5>Einsatz von reCAPTCHA<\/h5>\n<p>Um Eingabeformulare auf unserer Seite zu sch\u00fctzen, setzen wir den Dienst \u201ereCAPTCHA\u201c der Firma Google Inc., 1600 Amphitheatre Parkway, Mountain View, CA 94043 USA, nachfolgend \u201eGoogle\u201c, ein. Durch den Einsatz dieses Dienstes kann unterschieden werden, ob die entsprechende Eingabe menschlicher Herkunft ist oder durch automatisierte maschinelle Verarbeitung missbr\u00e4uchlich erfolgt.<\/p>\n<p>Nach unserer Kenntnis werden die Referrer-URL, die IP-Adresse, das Verhalten der Webseitenbesucher, Informationen \u00fcber Betriebssystem, Browser und Verweildauer, Cookies, Darstellungsanweisungen und Skripte, das Eingabeverhalten des Nutzers sowie Mausbewegungen im Bereich der \u201ereCAPTCHA\u201c-Checkbox an \u201eGoogle\u201c \u00fcbertragen.<\/p>\n<p>Google verwendet die so erlangten Informationen unter anderem dazu, B\u00fccher und andere Druckerzeugnisse zu digitalisieren sowie Dienste wie Google Street View und Google Maps zu optimieren (bspw. Hausnummern- und Stra\u00dfennamenerkennung).<\/p>\n<p>Die im Rahmen von \u201ereCAPTCHA\u201c \u00fcbermittelte IP-Adresse wird nicht mit anderen Daten von Google zusammengef\u00fchrt, au\u00dfer Sie sind zum Zeitpunkt der Nutzung des \u201ereCAPTCHA\u201c-Plug-ins bei Ihrem Google-Account angemeldet. Wenn Sie diese \u00dcbermittlung und Speicherung von Daten \u00fcber Sie und Ihr Verhalten auf unserer Webseite durch \u201eGoogle\u201c unterbinden wollen, m\u00fcssen Sie sich bei \u201eGoogle\u201c ausloggen und zwar bevor Sie unsere Seite besuchen bzw. das reCAPTCHA Plug-in benutzen.<\/p>\n<p>Die Nutzung des Dienstes \u201ereCAPTCHA\u201c erlangten Informationen erfolgt gem\u00e4\u00df den Google-Nutzungsbedingungen:<\/p>\n<p>https:\/\/www.google.com\/intl\/de\/policies\/privacy\/.<\/p>\n<h5>Einsatz von YouTube-Komponenten mit erweitertem Datenschutzmodus<\/h5>\n<p>Auf unserer Webseite setzen wir Komponenten (Videos) des Unternehmens YouTube, LLC 901 Cherry Ave., 94066 San Bruno, CA, USA, einem Unternehmen der Google Inc., Amphitheatre Parkway, Mountain View, CA 94043, USA, ein.<\/p>\n<p>Hierbei nutzen wir die von YouTube zur Verf\u00fcgung gestellte Option &#8220; &#8211; erweiterter Datenschutzmodus &#8211; &#8222;.<\/p>\n<p>Wenn Sie eine Seite aufrufen, die \u00fcber ein eingebettetes Video verf\u00fcgt, wird eine Verbindung zu den YouTube-Servern hergestellt und dabei der Inhalt durch Mitteilung an Ihren Browser auf der Internetseite dargestellt.<\/p>\n<p>Laut den Angaben von YouTube werden im &#8220; &#8211; erweiterten Datenschutzmodus -&#8220; nur Daten an den YouTube-Server \u00fcbermittelt, insbesondere welche unserer Internetseiten Sie besucht haben, wenn Sie das Video anschauen. Sind Sie gleichzeitig bei YouTube eingeloggt, werden diese Informationen Ihrem Mitgliedskonto bei YouTube zugeordnet. Dies k\u00f6nnen Sie verhindern, indem Sie sich vor dem Besuch unserer Website von Ihrem Mitgliedskonto abmelden.<\/p>\n<p>Weitere Informationen zum Datenschutz von YouTube werden von Google unter dem folgenden Link bereitgestellt:<\/p>\n<p>https:\/\/www.google.de\/intl\/de\/policies\/privacy\/<\/p>\n<h5>Einsatz von Social-Media-Buttons mit \u201eShariff\u201c<\/h5>\n<p>Wir setzen auf unserer Webseite das c\u2019t-Projekt \u201eShariff\u201c ein. \u201eShariff\u201c ersetzt die \u00fcblichen Share-Buttons der Sozialen Netzwerke und sch\u00fctzt hierdurch das Surf-Verhalten<\/p>\n<p>\u201eShariff\u201c bindet diese Share-Buttons der Sozialen Netzwerke auf unserer Webseite lediglich als Grafik ein, die eine Verlinkung auf das entsprechende Soziale Netzwerk enth\u00e4lt. Durch einen Klick auf die entsprechende Grafik werden Sie zu dem Dienste des jeweiligen Netzwerks weitergeleitet. Der Shariff-Button stellt den direkten Kontakt zwischen Sozialen Netzwerk und unseren Besuchern erst dann her, wenn der Besucher aktiv auf den Share-Button klickt. Erst dann werden Ihre Daten an das jeweilige Soziale Netzwerk \u00fcbermittelt. Wird der Shariff-Button hingegen nicht angeklickt, findet keinerlei Austausch zwischen Ihnen und den Sozialen Netzwerken statt. Weitere Informationen \u00fcber das das c\u2019t-Projekt \u201eShariff\u201c finden Sie unter http:\/\/www.heise.de\/ct\/artikel\/Shariff-Social-Media-Buttons-mit-Datenschutz-2467514.html<\/p>\n<p>Wir binden auf unserer Website folgende Sozialen Netzwerke mit \u201eShariff\u201c ein:<\/p>\n<ul>\n<li>Facebook<\/li>\n<li>Twitter<\/li>\n<li>Google+<\/li>\n<li>Reddit<\/li>\n<li>VK<\/li>\n<\/ul>\n<h5>Einsatz von PayPal als Zahlungsart<\/h5>\n<p>Sollten Sie sich im Rahmen Ihres Bestellvorgangs f\u00fcr eine Bezahlung mit dem Online-Zahlungsdienstleister PayPal entscheiden, werden im Rahmen der so ausgel\u00f6sten Bestellung Ihre Kontaktdaten an PayPal \u00fcbermittelt. PayPal ist ein Angebot der PayPal (Europe) S.\u00e0.r.l. &#038; Cie. S.C.A., 22-24 Boulevard Royal, L-2449 Luxembourg. PayPal \u00fcbernimmt dabei die Funktion eines Online-Zahlungsdienstleisters sowie eines Treuh\u00e4nders und bietet K\u00e4uferschutzdienste an.<\/p>\n<p>Bei den an PayPal \u00fcbermittelten personenbezogenen Daten handelt es sich zumeist um Vorname, Nachname, Adresse, Telefonnummer, IP-Adresse, E-Mail-Adresse, oder andere Daten, die zur Bestellabwicklung erforderlich sind, als auch Daten, die im Zusammenhang mit der Bestellung stehen, wie Anzahl der Artikel, Artikelnummer, Rechnungsbetrag und Steuern in Prozent, Rechnungsinformationen, usw.<\/p>\n<p>Diese \u00dcbermittelung ist zur Abwicklung Ihrer Bestellung mit der von Ihnen ausgew\u00e4hlten Zahlungsart notwendig, insbesondere zur Best\u00e4tigung Ihrer Identit\u00e4t, zur Administration Ihrer Zahlung und der Kundenbeziehung.<\/p>\n<p>Bitte beachten Sie jedoch: Personenbezogenen Daten k\u00f6nnen seitens PayPal auch an Leistungserbringer, an Subunternehmer oder andere verbundene Unternehmen weitergegeben werden, soweit dies zur Erf\u00fcllung der vertraglichen Verpflichtungen aus Ihrer Bestellung erforderlich ist oder die personenbezogenen Daten im Auftrag verarbeitet werden sollen.<\/p>\n<p>Abh\u00e4ngig von der \u00fcber PayPal ausgew\u00e4hlten Zahlungsart, z.B. Rechnung oder Lastschrift, werden die an PayPal \u00fcbermittelten personenbezogenen Daten von PayPal an Wirtschaftsauskunfteien \u00fcbermittelt. Diese \u00dcbermittlung dient der Identit\u00e4ts- und Bonit\u00e4tspr\u00fcfung in Bezug auf die von Ihnen get\u00e4tigte Bestellung. Um welche Auskunfteien es sich hierbei handelt und welche Daten von PayPal allgemein erhoben, verarbeitet, gespeichert und weitergegeben werden, entnehmen Sie der Datenschutzerkl\u00e4rung von PayPal unter https:\/\/www.paypal.com\/de\/webapps\/mpp\/ua\/privacy-full<\/p>\n<h5>WP Statistics<\/h5>\n<p>Diese Webseite nutzt das WordPress Analyse Plugin WP Statistics. Anbieter dieses Plugins ist https:\/\/wp-statistics.com.<br \/>\nAus den Daten werden in anonymisierter Form einfache Statistiken erstellt. Dazu werden keine Nutzungsprofile erstellt und auch keine Cookies gesetzt. S\u00e4mtliche von WP Statistics erhobenen Daten werden vollst\u00e4ndig anonymisiert auf diesem Webserver gespeichert. Eine pers\u00f6nliche Identifizierung eines Besuchers ist somit, auch nachtr\u00e4glich, nicht m\u00f6glich.<\/p>\n<h5>Auskunft\/Widerruf\/L\u00f6schung<\/h5>\n<p>Sie k\u00f6nnen sich aufgrund des Bundesdatenschutzgesetzes bei Fragen zur Erhebung, Verarbeitung oder Nutzung Ihrer personenbezogenen Daten und deren Berichtigung, Sperrung, L\u00f6schung oder einem Widerruf einer erteilten Einwilligung unentgeltlich an uns wenden. Wir weisen darauf hin, dass Ihnen ein Recht auf Berichtigung falscher Daten oder L\u00f6schung personenbezogener Daten zusteht, sollte diesem Anspruch keine gesetzliche Aufbewahrungspflicht entgegenstehen.<\/p>\n<p><a href=\"https:\/\/www.ratgeberrecht.eu\/leistungen\/muster-datenschutzerklaerung.html\" target=\"_blank\" rel=\"noopener\">Muster-Datenschutzerkl\u00e4rung<\/a> der <a href=\"https:\/\/www.ratgeberrecht.eu\/\" target=\"_blank\" rel=\"noopener\">Anwaltskanzlei Wei\u00df &#038;\u00a0Partner<\/a><\/p>\n","protected":false},"excerpt":{"rendered":"<p>Allgemein Die Nutzung unserer Seite ist ohne eine Angabe von personenbezogenen Daten m\u00f6glich. F\u00fcr die Nutzung einzelner Services unserer Seite k\u00f6nnen sich hierf\u00fcr abweichende Regelungen ergeben, die in diesem Falle nachstehend gesondert erl\u00e4utert werden.&#46;&#46;&#46;<\/p>\n","protected":false},"author":2,"featured_media":0,"parent":0,"menu_order":0,"comment_status":"closed","ping_status":"closed","template":"","meta":{"footnotes":""},"class_list":["post-193","page","type-page","status-publish","hentry"],"aioseo_notices":[],"_links":{"self":[{"href":"https:\/\/instagib.info\/de\/wp-json\/wp\/v2\/pages\/193","targetHints":{"allow":["GET"]}}],"collection":[{"href":"https:\/\/instagib.info\/de\/wp-json\/wp\/v2\/pages"}],"about":[{"href":"https:\/\/instagib.info\/de\/wp-json\/wp\/v2\/types\/page"}],"author":[{"embeddable":true,"href":"https:\/\/instagib.info\/de\/wp-json\/wp\/v2\/users\/2"}],"replies":[{"embeddable":true,"href":"https:\/\/instagib.info\/de\/wp-json\/wp\/v2\/comments?post=193"}],"version-history":[{"count":51,"href":"https:\/\/instagib.info\/de\/wp-json\/wp\/v2\/pages\/193\/revisions"}],"predecessor-version":[{"id":999,"href":"https:\/\/instagib.info\/de\/wp-json\/wp\/v2\/pages\/193\/revisions\/999"}],"wp:attachment":[{"href":"https:\/\/instagib.info\/de\/wp-json\/wp\/v2\/media?parent=193"}],"curies":[{"name":"wp","href":"https:\/\/api.w.org\/{rel}","templated":true}]}}